{"id":6,"date":"2024-06-06T19:49:52","date_gmt":"2024-06-06T17:49:52","guid":{"rendered":"https:\/\/www.target-transports.fr\/?page_id=6"},"modified":"2024-06-06T20:18:22","modified_gmt":"2024-06-06T18:18:22","slug":"target-transports-sas","status":"publish","type":"page","link":"https:\/\/www.target-transports.fr\/","title":{"rendered":"Target Transports SAS"},"content":{"rendered":"\r\n<p><img loading=\"lazy\" decoding=\"async\" class=\"aligncenter wp-image-16 size-full\" src=\"http:\/\/www.target-transports.fr\/wp-content\/uploads\/2024\/06\/cropped-target-transports-logo.png\" alt=\"\" width=\"512\" height=\"512\" srcset=\"https:\/\/www.target-transports.fr\/wp-content\/uploads\/2024\/06\/cropped-target-transports-logo.png 512w, https:\/\/www.target-transports.fr\/wp-content\/uploads\/2024\/06\/cropped-target-transports-logo-300x300.png 300w, https:\/\/www.target-transports.fr\/wp-content\/uploads\/2024\/06\/cropped-target-transports-logo-150x150.png 150w, https:\/\/www.target-transports.fr\/wp-content\/uploads\/2024\/06\/cropped-target-transports-logo-270x270.png 270w, https:\/\/www.target-transports.fr\/wp-content\/uploads\/2024\/06\/cropped-target-transports-logo-192x192.png 192w, https:\/\/www.target-transports.fr\/wp-content\/uploads\/2024\/06\/cropped-target-transports-logo-180x180.png 180w, https:\/\/www.target-transports.fr\/wp-content\/uploads\/2024\/06\/cropped-target-transports-logo-32x32.png 32w\" sizes=\"auto, (max-width: 512px) 100vw, 512px\" \/><\/p>\r\n<p><strong>Target Transports SAS<\/strong> est une jeune entreprise ambitieuse et en pleine expansion cr\u00e9\u00e9e en 2021 et bas\u00e9e en Ile de France et disposant actuellement d\u2019un tracteur et d\u2019un semi remorque.<\/p>\r\n\r\n\r\n\r\n<p>Le pr\u00e9sident, M. Rajiv Sayga, est un <strong>chauffeur SPL<\/strong> et un <strong>responsable d\u2019exploitation<\/strong> exp\u00e9riment\u00e9 avec plus de 15 ans d\u2019exp\u00e9rience dans le secteur du transport et de la logistique.<br \/>Il consid\u00e8re le professionnalisme, le service de qualit\u00e9 et la ponctualit\u00e9 comme des valeurs cl\u00e9s de son entreprise.<\/p>\r\n\r\n\r\n\r\n<p><strong>Target Transports SAS<\/strong> n\u2019a qu\u2019un objectif : r\u00e9pondre \u00e0 toutes les exigences de ses clients afin de conqu\u00e9rir de nouveaux march\u00e9s aussi bien au niveau national qu\u2019international.<\/p>\r\n","protected":false},"excerpt":{"rendered":"<p>Target Transports SAS est une jeune entreprise ambitieuse et en pleine expansion cr\u00e9\u00e9e en 2021 et bas\u00e9e en Ile de France et disposant actuellement d\u2019un tracteur et d\u2019un semi remorque. Le pr\u00e9sident, M. Rajiv Sayga, est un chauffeur SPL et un responsable d\u2019exploitation exp\u00e9riment\u00e9 avec plus de 15 ans d\u2019exp\u00e9rience dans le secteur du transport&hellip; <a class=\"more-link\" href=\"https:\/\/www.target-transports.fr\/\">Continue reading <span class=\"screen-reader-text\">Target Transports SAS<\/span><\/a><\/p>\n","protected":false},"author":1,"featured_media":0,"parent":0,"menu_order":0,"comment_status":"closed","ping_status":"closed","template":"","meta":{"footnotes":""},"class_list":["post-6","page","type-page","status-publish","hentry","entry"],"_links":{"self":[{"href":"https:\/\/www.target-transports.fr\/index.php?rest_route=\/wp\/v2\/pages\/6","targetHints":{"allow":["GET"]}}],"collection":[{"href":"https:\/\/www.target-transports.fr\/index.php?rest_route=\/wp\/v2\/pages"}],"about":[{"href":"https:\/\/www.target-transports.fr\/index.php?rest_route=\/wp\/v2\/types\/page"}],"author":[{"embeddable":true,"href":"https:\/\/www.target-transports.fr\/index.php?rest_route=\/wp\/v2\/users\/1"}],"replies":[{"embeddable":true,"href":"https:\/\/www.target-transports.fr\/index.php?rest_route=%2Fwp%2Fv2%2Fcomments&post=6"}],"version-history":[{"count":5,"href":"https:\/\/www.target-transports.fr\/index.php?rest_route=\/wp\/v2\/pages\/6\/revisions"}],"predecessor-version":[{"id":20,"href":"https:\/\/www.target-transports.fr\/index.php?rest_route=\/wp\/v2\/pages\/6\/revisions\/20"}],"wp:attachment":[{"href":"https:\/\/www.target-transports.fr\/index.php?rest_route=%2Fwp%2Fv2%2Fmedia&parent=6"}],"curies":[{"name":"wp","href":"https:\/\/api.w.org\/{rel}","templated":true}]}}